{"id":14389,"date":"2023-05-07T18:31:39","date_gmt":"2023-05-07T16:31:39","guid":{"rendered":"https:\/\/fiddlers.hu\/ccc\/?page_id=14389"},"modified":"2023-06-20T16:46:24","modified_gmt":"2023-06-20T14:46:24","slug":"contact-2","status":"publish","type":"page","link":"https:\/\/fiddlers.hu\/ccc\/contact-2\/","title":{"rendered":"Kapcsolat"},"content":{"rendered":"\t\t<div data-elementor-type=\"wp-page\" data-elementor-id=\"14389\" class=\"elementor elementor-14389\">\n\t\t\t\t\t\t\t\t\t<section class=\"elementor-section elementor-top-section elementor-element elementor-element-95058f6 elementor-section-full_width elementor-section-height-default elementor-section-height-default\" data-id=\"95058f6\" data-element_type=\"section\" id=\"home\">\n\t\t\t\t\t\t<div class=\"elementor-container elementor-column-gap-no\">\n\t\t\t\t\t<div class=\"elementor-column elementor-col-100 elementor-top-column elementor-element elementor-element-aab40b9\" data-id=\"aab40b9\" data-element_type=\"column\">\n\t\t\t<div class=\"elementor-widget-wrap elementor-element-populated\">\n\t\t\t\t\t\t\t\t<div class=\"elementor-element elementor-element-cd59e3c animated-fast elementor-hidden-tablet elementor-widget elementor-widget-slider\" data-id=\"cd59e3c\" data-element_type=\"widget\" id=\"home\" data-settings=\"{&quot;_animation&quot;:&quot;none&quot;}\" data-widget_type=\"slider.default\">\n\t\t\t\t<div class=\"elementor-widget-container\">\n\t\t\t\r\n        \r\n            <section class=\"dreamit-slick-slider\">\r\n                <div class=\"default-slider slick\">\r\n                    \r\n                \r\n                                                \r\n                        <div class=\"single-slick style-seven align-items-center d-flex text-left\">\r\n                            <div class=\"container\">\r\n                                <div class=\"slide-img parallax-effect\"\r\n                                    style=\"background:url() center center \/ cover scroll no-repeat;\">\r\n                                <\/div>\r\n                                <div class=\"hero-text-wrap\">\r\n                                    <div class=\"hero-text\">\r\n\r\n                                            <div class=\"white-color\">\r\n                                                                                                \r\n                                                    <p><\/p>\r\n\r\n                                                    \r\n                                                    \r\n                                            <\/div>\r\n                                        \r\n                                                                                \r\n\r\n                                        \r\n                                    <\/div>\r\n                                    \r\n                                <\/div>\r\n\r\n                            <\/div><!-- .container -->\r\n\r\n                                <div class=\"slider-single-image\">\r\n                                    <img decoding=\"async\" src=\"\" alt=\"\">\r\n                                <\/div>\r\n\r\n                        <\/div><!-- .single-slick -->\r\n                        \r\n                        \r\n                                    <\/div>\r\n            <\/section>\r\n            <script>\r\n                jQuery(document).ready(function() {\r\n                    jQuery(\".default-slider\").slick({\r\n                                                    dots: false,\r\n                            infinite: true,\r\n                            centerMode: true,\r\n                            autoplay: true,\r\n                            autoplaySpeed: 7000,\r\n                            slidesToShow: 1,\r\n                            slidesToScroll: 1,\r\n                            centerPadding: '0',\r\n                            arrows: true\r\n                                            });\r\n                });\r\n            <\/script>\r\n\r\n        \r\n\r\n\r\n        \r\n\r\n\r\n\t\t\t<\/div>\n\t\t\t\t<\/div>\n\t\t\t\t<div class=\"elementor-element elementor-element-47f846e elementor-absolute elementor-hidden-mobile elementor-widget elementor-widget-heading\" data-id=\"47f846e\" data-element_type=\"widget\" data-settings=\"{&quot;_position&quot;:&quot;absolute&quot;}\" data-widget_type=\"heading.default\">\n\t\t\t\t<div class=\"elementor-widget-container\">\n\t\t\t<style>\/*! elementor - v3.14.0 - 18-06-2023 *\/\n.elementor-heading-title{padding:0;margin:0;line-height:1}.elementor-widget-heading .elementor-heading-title[class*=elementor-size-]>a{color:inherit;font-size:inherit;line-height:inherit}.elementor-widget-heading .elementor-heading-title.elementor-size-small{font-size:15px}.elementor-widget-heading .elementor-heading-title.elementor-size-medium{font-size:19px}.elementor-widget-heading .elementor-heading-title.elementor-size-large{font-size:29px}.elementor-widget-heading .elementor-heading-title.elementor-size-xl{font-size:39px}.elementor-widget-heading .elementor-heading-title.elementor-size-xxl{font-size:59px}<\/style><h2 class=\"elementor-heading-title elementor-size-default\">EL\u00c9RHET\u0150S\u00c9GEINK\n\n\n\n\n\n\n\n\n\n\n\n\n\n\n<\/h2>\t\t<\/div>\n\t\t\t\t<\/div>\n\t\t\t\t<section class=\"elementor-section elementor-inner-section elementor-element elementor-element-c29cf4f elementor-section-boxed elementor-section-height-default elementor-section-height-default\" data-id=\"c29cf4f\" data-element_type=\"section\">\n\t\t\t\t\t\t<div class=\"elementor-container elementor-column-gap-default\">\n\t\t\t\t\t<div class=\"elementor-column elementor-col-100 elementor-inner-column elementor-element elementor-element-8dfc37f\" data-id=\"8dfc37f\" data-element_type=\"column\">\n\t\t\t<div class=\"elementor-widget-wrap elementor-element-populated\">\n\t\t\t\t\t\t\t\t<div class=\"elementor-element elementor-element-bb74ec6 elementor-widget__width-initial elementor-absolute elementor-hidden-tablet elementor-hidden-mobile elementor-widget elementor-widget-iconbox\" data-id=\"bb74ec6\" data-element_type=\"widget\" data-settings=\"{&quot;_position&quot;:&quot;absolute&quot;}\" data-widget_type=\"iconbox.default\">\n\t\t\t\t<div class=\"elementor-widget-container\">\n\t\t\t\n\t\t\n\t\t<div class=\"icon-box style-two\">\n\n\t\t\t<div class=\"icon-box-icon\">\n\n\t\t\t\t\t\t\t\t<div class=\"icon\">\n\t\t\t\t\t<i class=\"\"><\/i>\n\t\t\t\t<\/div>\n\n\t\t\t\t\n\t\t\t<\/div>\n\n\t\t\t<div class=\"icon-box-content\">\n\t\t\t\t<div class=\"title\">\n\t\t\t\t\t<h2><\/h2>\n\t\t\t\t<\/div>\n\t\t\t\t<div class=\"description\">\n\t\t\t\t\t<p><\/p>\n\t\t\t\t<\/div>\n\t\t\t<\/div>\n\t\t<\/div>\n\t\t\n\t\t\n\t\t\t\t<\/div>\n\t\t\t\t<\/div>\n\t\t\t\t\t<\/div>\n\t\t<\/div>\n\t\t\t\t\t\t\t<\/div>\n\t\t<\/section>\n\t\t\t\t<div class=\"elementor-element elementor-element-42de9b0 elementor-widget__width-initial elementor-absolute elementor-hidden-mobile elementor-hidden-tablet elementor-widget elementor-widget-text-editor\" data-id=\"42de9b0\" data-element_type=\"widget\" data-settings=\"{&quot;_position&quot;:&quot;absolute&quot;}\" data-widget_type=\"text-editor.default\">\n\t\t\t\t<div class=\"elementor-widget-container\">\n\t\t\t<style>\/*! elementor - v3.14.0 - 18-06-2023 *\/\n.elementor-widget-text-editor.elementor-drop-cap-view-stacked .elementor-drop-cap{background-color:#69727d;color:#fff}.elementor-widget-text-editor.elementor-drop-cap-view-framed .elementor-drop-cap{color:#69727d;border:3px solid;background-color:transparent}.elementor-widget-text-editor:not(.elementor-drop-cap-view-default) .elementor-drop-cap{margin-top:8px}.elementor-widget-text-editor:not(.elementor-drop-cap-view-default) .elementor-drop-cap-letter{width:1em;height:1em}.elementor-widget-text-editor .elementor-drop-cap{float:left;text-align:center;line-height:1;font-size:50px}.elementor-widget-text-editor .elementor-drop-cap-letter{display:inline-block}<\/style>\t\t\t\t\t\t\t\t\t\t<\/div>\n\t\t\t\t<\/div>\n\t\t\t\t<div class=\"elementor-element elementor-element-e07aafb elementor-absolute elementor-hidden-mobile elementor-widget elementor-widget-heading\" data-id=\"e07aafb\" data-element_type=\"widget\" data-settings=\"{&quot;_position&quot;:&quot;absolute&quot;}\" data-widget_type=\"heading.default\">\n\t\t\t\t<div class=\"elementor-widget-container\">\n\t\t\t<h2 class=\"elementor-heading-title elementor-size-default\">\n\n\n\n\n\n\n\n\n\n\n\n\n\n\n<\/h2>\t\t<\/div>\n\t\t\t\t<\/div>\n\t\t\t\t<div class=\"elementor-element elementor-element-0ab22eb elementor-widget__width-initial elementor-absolute elementor-hidden-desktop elementor-widget elementor-widget-text-editor\" data-id=\"0ab22eb\" data-element_type=\"widget\" data-settings=\"{&quot;_position&quot;:&quot;absolute&quot;}\" data-widget_type=\"text-editor.default\">\n\t\t\t\t<div class=\"elementor-widget-container\">\n\t\t\t\t\t\t\t<p><b>KERESSEN MINKET<\/b><\/p><p><strong>AZ AL\u00c1BBI EL\u00c9RHET\u0150S\u00c9GEKEN<\/strong><\/p>\t\t\t\t\t\t<\/div>\n\t\t\t\t<\/div>\n\t\t\t\t<section class=\"elementor-section elementor-inner-section elementor-element elementor-element-928f258 elementor-section-boxed elementor-section-height-default elementor-section-height-default\" data-id=\"928f258\" data-element_type=\"section\">\n\t\t\t\t\t\t<div class=\"elementor-container elementor-column-gap-default\">\n\t\t\t\t\t<div class=\"elementor-column elementor-col-25 elementor-inner-column elementor-element elementor-element-58f4f75\" data-id=\"58f4f75\" data-element_type=\"column\">\n\t\t\t<div class=\"elementor-widget-wrap elementor-element-populated\">\n\t\t\t\t\t\t\t\t<div class=\"elementor-element elementor-element-84b4c2a elementor-widget elementor-widget-iconbox\" data-id=\"84b4c2a\" data-element_type=\"widget\" data-widget_type=\"iconbox.default\">\n\t\t\t\t<div class=\"elementor-widget-container\">\n\t\t\t\n\t\t\n\t\t<div class=\"icon-box style-two\">\n\n\t\t\t<div class=\"icon-box-icon\">\n\n\t\t\t\t\t\t\t\t<div class=\"icon\">\n\t\t\t\t\t<i class=\"flaticon flaticon-email\"><\/i>\n\t\t\t\t<\/div>\n\n\t\t\t\t\n\t\t\t<\/div>\n\n\t\t\t<div class=\"icon-box-content\">\n\t\t\t\t<div class=\"title\">\n\t\t\t\t\t<h2>e-mail<\/h2>\n\t\t\t\t<\/div>\n\t\t\t\t<div class=\"description\">\n\t\t\t\t\t<p>info@cascadezrt.hu<\/p>\n\t\t\t\t<\/div>\n\t\t\t<\/div>\n\t\t<\/div>\n\t\t\n\t\t\n\t\t\t\t<\/div>\n\t\t\t\t<\/div>\n\t\t\t\t\t<\/div>\n\t\t<\/div>\n\t\t\t\t<div class=\"elementor-column elementor-col-25 elementor-inner-column elementor-element elementor-element-3928ce8\" data-id=\"3928ce8\" data-element_type=\"column\">\n\t\t\t<div class=\"elementor-widget-wrap elementor-element-populated\">\n\t\t\t\t\t\t\t\t<div class=\"elementor-element elementor-element-467f1b5f elementor-widget elementor-widget-iconbox\" data-id=\"467f1b5f\" data-element_type=\"widget\" data-widget_type=\"iconbox.default\">\n\t\t\t\t<div class=\"elementor-widget-container\">\n\t\t\t\n\t\t\n\t\t<div class=\"icon-box style-two\">\n\n\t\t\t<div class=\"icon-box-icon\">\n\n\t\t\t\t\t\t\t\t<div class=\"icon\">\n\t\t\t\t\t<i class=\"flaticon flaticon-call\"><\/i>\n\t\t\t\t<\/div>\n\n\t\t\t\t\n\t\t\t<\/div>\n\n\t\t\t<div class=\"icon-box-content\">\n\t\t\t\t<div class=\"title\">\n\t\t\t\t\t<h2>Telefon<\/h2>\n\t\t\t\t<\/div>\n\t\t\t\t<div class=\"description\">\n\t\t\t\t\t<p>+36 1 7600 000<\/p>\n\t\t\t\t<\/div>\n\t\t\t<\/div>\n\t\t<\/div>\n\t\t\n\t\t\n\t\t\t\t<\/div>\n\t\t\t\t<\/div>\n\t\t\t\t\t<\/div>\n\t\t<\/div>\n\t\t\t\t<div class=\"elementor-column elementor-col-25 elementor-inner-column elementor-element elementor-element-de47299\" data-id=\"de47299\" data-element_type=\"column\">\n\t\t\t<div class=\"elementor-widget-wrap elementor-element-populated\">\n\t\t\t\t\t\t\t\t<div class=\"elementor-element elementor-element-5bfb6230 elementor-widget elementor-widget-iconbox\" data-id=\"5bfb6230\" data-element_type=\"widget\" data-widget_type=\"iconbox.default\">\n\t\t\t\t<div class=\"elementor-widget-container\">\n\t\t\t\n\t\t\n\t\t<div class=\"icon-box style-two\">\n\n\t\t\t<div class=\"icon-box-icon\">\n\n\t\t\t\t\t\t\t\t<div class=\"icon\">\n\t\t\t\t\t<i class=\"flaticon flaticon-clock-2\"><\/i>\n\t\t\t\t<\/div>\n\n\t\t\t\t\n\t\t\t<\/div>\n\n\t\t\t<div class=\"icon-box-content\">\n\t\t\t\t<div class=\"title\">\n\t\t\t\t\t<h2>Nyitvatart\u00e1s<\/h2>\n\t\t\t\t<\/div>\n\t\t\t\t<div class=\"description\">\n\t\t\t\t\t<p>H\u00e9tf\u0151 - P\u00e9ntek: 08:00 - 18:00<\/p>\n\t\t\t\t<\/div>\n\t\t\t<\/div>\n\t\t<\/div>\n\t\t\n\t\t\n\t\t\t\t<\/div>\n\t\t\t\t<\/div>\n\t\t\t\t\t<\/div>\n\t\t<\/div>\n\t\t\t\t<div class=\"elementor-column elementor-col-25 elementor-inner-column elementor-element elementor-element-8f412a4\" data-id=\"8f412a4\" data-element_type=\"column\">\n\t\t\t<div class=\"elementor-widget-wrap elementor-element-populated\">\n\t\t\t\t\t\t\t\t<div class=\"elementor-element elementor-element-7b7ac47f elementor-widget elementor-widget-iconbox\" data-id=\"7b7ac47f\" data-element_type=\"widget\" data-widget_type=\"iconbox.default\">\n\t\t\t\t<div class=\"elementor-widget-container\">\n\t\t\t\n\t\t\n\t\t<div class=\"icon-box style-two\">\n\n\t\t\t<div class=\"icon-box-icon\">\n\n\t\t\t\t\t\t\t\t<div class=\"icon\">\n\t\t\t\t\t<i class=\"flaticon flaticon-placeholder\"><\/i>\n\t\t\t\t<\/div>\n\n\t\t\t\t\n\t\t\t<\/div>\n\n\t\t\t<div class=\"icon-box-content\">\n\t\t\t\t<div class=\"title\">\n\t\t\t\t\t<h2>C\u00edm<\/h2>\n\t\t\t\t<\/div>\n\t\t\t\t<div class=\"description\">\n\t\t\t\t\t<p>1118 Budapest Kelenhegyi \u00fat 39.<\/p>\n\t\t\t\t<\/div>\n\t\t\t<\/div>\n\t\t<\/div>\n\t\t\n\t\t\n\t\t\t\t<\/div>\n\t\t\t\t<\/div>\n\t\t\t\t\t<\/div>\n\t\t<\/div>\n\t\t\t\t\t\t\t<\/div>\n\t\t<\/section>\n\t\t\t\t\t<\/div>\n\t\t<\/div>\n\t\t\t\t\t\t\t<\/div>\n\t\t<\/section>\n\t\t\t\t<section class=\"elementor-section elementor-top-section elementor-element elementor-element-3c04d357 elementor-section-boxed elementor-section-height-default elementor-section-height-default\" data-id=\"3c04d357\" data-element_type=\"section\">\n\t\t\t\t\t\t<div class=\"elementor-container elementor-column-gap-default\">\n\t\t\t\t\t<div class=\"elementor-column elementor-col-100 elementor-top-column elementor-element elementor-element-3e619b9c\" data-id=\"3e619b9c\" data-element_type=\"column\">\n\t\t\t<div class=\"elementor-widget-wrap elementor-element-populated\">\n\t\t\t\t\t\t\t\t<div class=\"elementor-element elementor-element-700c423 elementor-widget elementor-widget-google_maps\" data-id=\"700c423\" data-element_type=\"widget\" data-widget_type=\"google_maps.default\">\n\t\t\t\t<div class=\"elementor-widget-container\">\n\t\t\t<style>\/*! elementor - v3.14.0 - 18-06-2023 *\/\n.elementor-widget-google_maps .elementor-widget-container{overflow:hidden}.elementor-widget-google_maps .elementor-custom-embed{line-height:0}.elementor-widget-google_maps iframe{height:300px}<\/style>\t\t<div class=\"elementor-custom-embed\">\n\t\t\t<iframe loading=\"lazy\"\n\t\t\t\t\tsrc=\"https:\/\/maps.google.com\/maps?q=1118%20Budapest%20Kelenhegyi%20%C3%BAt%2039.&#038;t=m&#038;z=12&#038;output=embed&#038;iwloc=near\"\n\t\t\t\t\ttitle=\"1118 Budapest Kelenhegyi \u00fat 39.\"\n\t\t\t\t\taria-label=\"1118 Budapest Kelenhegyi \u00fat 39.\"\n\t\t\t><\/iframe>\n\t\t<\/div>\n\t\t\t\t<\/div>\n\t\t\t\t<\/div>\n\t\t\t\t\t<\/div>\n\t\t<\/div>\n\t\t\t\t\t\t\t<\/div>\n\t\t<\/section>\n\t\t\t\t\t\t\t<\/div>\n\t\t","protected":false},"excerpt":{"rendered":"<p>EL\u00c9RHET\u0150S\u00c9GEINK KERESSEN MINKET AZ AL\u00c1BBI EL\u00c9RHET\u0150S\u00c9GEKEN e-mail info@cascadezrt.hu Telefon +36 1 7600 000 Nyitvatart\u00e1s H\u00e9tf\u0151 &#8211; P\u00e9ntek: 08:00 &#8211; 18:00 C\u00edm 1118 Budapest Kelenhegyi \u00fat 39.<\/p>\n","protected":false},"author":1,"featured_media":0,"parent":0,"menu_order":0,"comment_status":"closed","ping_status":"closed","template":"page-templates\/template-default.php","meta":{"_mi_skip_tracking":false,"_monsterinsights_sitenote_active":false,"_monsterinsights_sitenote_note":"","_monsterinsights_sitenote_category":0,"footnotes":""},"class_list":["post-14389","page","type-page","status-publish","hentry"],"aioseo_notices":[],"yoast_head":"<!-- This site is optimized with the Yoast SEO plugin v20.9 - https:\/\/yoast.com\/wordpress\/plugins\/seo\/ -->\n<title>Kapcsolat - Cascade Informatikai &eacute;s Energetikai Zrt.<\/title>\n<meta name=\"robots\" content=\"noindex, follow, max-snippet:-1, max-image-preview:large, max-video-preview:-1\" \/>\n<meta property=\"og:locale\" content=\"hu_HU\" \/>\n<meta property=\"og:type\" content=\"article\" \/>\n<meta property=\"og:title\" content=\"Kapcsolat - Cascade Informatikai &eacute;s Energetikai Zrt.\" \/>\n<meta property=\"og:description\" content=\"EL\u00c9RHET\u0150S\u00c9GEINK KERESSEN MINKET AZ AL\u00c1BBI EL\u00c9RHET\u0150S\u00c9GEKEN e-mail info@cascadezrt.hu Telefon +36 1 7600 000 Nyitvatart\u00e1s H\u00e9tf\u0151 &#8211; P\u00e9ntek: 08:00 &#8211; 18:00 C\u00edm 1118 Budapest Kelenhegyi \u00fat 39.\" \/>\n<meta property=\"og:url\" content=\"https:\/\/fiddlers.hu\/ccc\/contact-2\/\" \/>\n<meta property=\"og:site_name\" content=\"Cascade Informatikai &eacute;s Energetikai Zrt.\" \/>\n<meta property=\"article:modified_time\" content=\"2023-06-20T14:46:24+00:00\" \/>\n<meta name=\"twitter:card\" content=\"summary_large_image\" \/>\n<meta name=\"twitter:label1\" content=\"Becs\u00fclt olvas\u00e1si id\u0151\" \/>\n\t<meta name=\"twitter:data1\" content=\"1 perc\" \/>\n<script type=\"application\/ld+json\" class=\"yoast-schema-graph\">{\"@context\":\"https:\/\/schema.org\",\"@graph\":[{\"@type\":\"WebPage\",\"@id\":\"https:\/\/fiddlers.hu\/ccc\/contact-2\/\",\"url\":\"https:\/\/fiddlers.hu\/ccc\/contact-2\/\",\"name\":\"Kapcsolat - Cascade Informatikai &eacute;s Energetikai Zrt.\",\"isPartOf\":{\"@id\":\"https:\/\/fiddlers.hu\/ccc\/#website\"},\"datePublished\":\"2023-05-07T16:31:39+00:00\",\"dateModified\":\"2023-06-20T14:46:24+00:00\",\"breadcrumb\":{\"@id\":\"https:\/\/fiddlers.hu\/ccc\/contact-2\/#breadcrumb\"},\"inLanguage\":\"hu\",\"potentialAction\":[{\"@type\":\"ReadAction\",\"target\":[\"https:\/\/fiddlers.hu\/ccc\/contact-2\/\"]}]},{\"@type\":\"BreadcrumbList\",\"@id\":\"https:\/\/fiddlers.hu\/ccc\/contact-2\/#breadcrumb\",\"itemListElement\":[{\"@type\":\"ListItem\",\"position\":1,\"name\":\"Home\",\"item\":\"https:\/\/fiddlers.hu\/ccc\/\"},{\"@type\":\"ListItem\",\"position\":2,\"name\":\"Kapcsolat\"}]},{\"@type\":\"WebSite\",\"@id\":\"https:\/\/fiddlers.hu\/ccc\/#website\",\"url\":\"https:\/\/fiddlers.hu\/ccc\/\",\"name\":\"Cascade Informatikai &eacute;s Energetikai Zrt.\",\"description\":\"Cascade Informatikai \u00e9s Energetikai Zrt.\",\"potentialAction\":[{\"@type\":\"SearchAction\",\"target\":{\"@type\":\"EntryPoint\",\"urlTemplate\":\"https:\/\/fiddlers.hu\/ccc\/?s={search_term_string}\"},\"query-input\":\"required name=search_term_string\"}],\"inLanguage\":\"hu\"}]}<\/script>\n<!-- \/ Yoast SEO plugin. -->","yoast_head_json":{"title":"Kapcsolat - Cascade Informatikai &eacute;s Energetikai Zrt.","robots":{"index":"noindex","follow":"follow","max-snippet":"max-snippet:-1","max-image-preview":"max-image-preview:large","max-video-preview":"max-video-preview:-1"},"og_locale":"hu_HU","og_type":"article","og_title":"Kapcsolat - Cascade Informatikai &eacute;s Energetikai Zrt.","og_description":"EL\u00c9RHET\u0150S\u00c9GEINK KERESSEN MINKET AZ AL\u00c1BBI EL\u00c9RHET\u0150S\u00c9GEKEN e-mail info@cascadezrt.hu Telefon +36 1 7600 000 Nyitvatart\u00e1s H\u00e9tf\u0151 &#8211; P\u00e9ntek: 08:00 &#8211; 18:00 C\u00edm 1118 Budapest Kelenhegyi \u00fat 39.","og_url":"https:\/\/fiddlers.hu\/ccc\/contact-2\/","og_site_name":"Cascade Informatikai &eacute;s Energetikai Zrt.","article_modified_time":"2023-06-20T14:46:24+00:00","twitter_card":"summary_large_image","twitter_misc":{"Becs\u00fclt olvas\u00e1si id\u0151":"1 perc"},"schema":{"@context":"https:\/\/schema.org","@graph":[{"@type":"WebPage","@id":"https:\/\/fiddlers.hu\/ccc\/contact-2\/","url":"https:\/\/fiddlers.hu\/ccc\/contact-2\/","name":"Kapcsolat - Cascade Informatikai &eacute;s Energetikai Zrt.","isPartOf":{"@id":"https:\/\/fiddlers.hu\/ccc\/#website"},"datePublished":"2023-05-07T16:31:39+00:00","dateModified":"2023-06-20T14:46:24+00:00","breadcrumb":{"@id":"https:\/\/fiddlers.hu\/ccc\/contact-2\/#breadcrumb"},"inLanguage":"hu","potentialAction":[{"@type":"ReadAction","target":["https:\/\/fiddlers.hu\/ccc\/contact-2\/"]}]},{"@type":"BreadcrumbList","@id":"https:\/\/fiddlers.hu\/ccc\/contact-2\/#breadcrumb","itemListElement":[{"@type":"ListItem","position":1,"name":"Home","item":"https:\/\/fiddlers.hu\/ccc\/"},{"@type":"ListItem","position":2,"name":"Kapcsolat"}]},{"@type":"WebSite","@id":"https:\/\/fiddlers.hu\/ccc\/#website","url":"https:\/\/fiddlers.hu\/ccc\/","name":"Cascade Informatikai &eacute;s Energetikai Zrt.","description":"Cascade Informatikai \u00e9s Energetikai Zrt.","potentialAction":[{"@type":"SearchAction","target":{"@type":"EntryPoint","urlTemplate":"https:\/\/fiddlers.hu\/ccc\/?s={search_term_string}"},"query-input":"required name=search_term_string"}],"inLanguage":"hu"}]}},"_links":{"self":[{"href":"https:\/\/fiddlers.hu\/ccc\/wp-json\/wp\/v2\/pages\/14389","targetHints":{"allow":["GET"]}}],"collection":[{"href":"https:\/\/fiddlers.hu\/ccc\/wp-json\/wp\/v2\/pages"}],"about":[{"href":"https:\/\/fiddlers.hu\/ccc\/wp-json\/wp\/v2\/types\/page"}],"author":[{"embeddable":true,"href":"https:\/\/fiddlers.hu\/ccc\/wp-json\/wp\/v2\/users\/1"}],"replies":[{"embeddable":true,"href":"https:\/\/fiddlers.hu\/ccc\/wp-json\/wp\/v2\/comments?post=14389"}],"version-history":[{"count":293,"href":"https:\/\/fiddlers.hu\/ccc\/wp-json\/wp\/v2\/pages\/14389\/revisions"}],"predecessor-version":[{"id":15260,"href":"https:\/\/fiddlers.hu\/ccc\/wp-json\/wp\/v2\/pages\/14389\/revisions\/15260"}],"wp:attachment":[{"href":"https:\/\/fiddlers.hu\/ccc\/wp-json\/wp\/v2\/media?parent=14389"}],"curies":[{"name":"wp","href":"https:\/\/api.w.org\/{rel}","templated":true}]}}